{"id":1731,"date":"2026-01-31T09:53:59","date_gmt":"2026-01-31T12:53:59","guid":{"rendered":"https:\/\/fonnseg.com.br\/?page_id=1731"},"modified":"2026-01-31T09:55:46","modified_gmt":"2026-01-31T12:55:46","slug":"seguro-condominio","status":"publish","type":"page","link":"https:\/\/fonnseg.com.br\/?page_id=1731","title":{"rendered":"Seguro Condom\u00ednio"},"content":{"rendered":"\t\t<div data-elementor-type=\"wp-page\" data-elementor-id=\"1731\" class=\"elementor elementor-1731\">\n\t\t\t\t\t\t<section class=\"elementor-section elementor-top-section elementor-element elementor-element-00551d5 elementor-section-height-min-height elementor-section-boxed elementor-section-height-default elementor-section-items-middle wpr-particle-no wpr-jarallax-no wpr-parallax-no wpr-sticky-section-no wpr-equal-height-no\" data-id=\"00551d5\" data-element_type=\"section\" data-e-type=\"section\" data-settings=\"{&quot;background_background&quot;:&quot;gradient&quot;}\">\n\t\t\t\t\t\t<div class=\"elementor-container elementor-column-gap-default\">\n\t\t\t\t\t<div class=\"elementor-column elementor-col-33 elementor-top-column elementor-element elementor-element-ac94357\" data-id=\"ac94357\" data-element_type=\"column\" data-e-type=\"column\">\n\t\t\t<div class=\"elementor-widget-wrap\">\n\t\t\t\t\t\t\t<\/div>\n\t\t<\/div>\n\t\t\t\t<div class=\"elementor-column elementor-col-33 elementor-top-column elementor-element elementor-element-7550f89\" data-id=\"7550f89\" data-element_type=\"column\" data-e-type=\"column\">\n\t\t\t<div class=\"elementor-widget-wrap\">\n\t\t\t\t\t\t\t<\/div>\n\t\t<\/div>\n\t\t\t\t<div class=\"elementor-column elementor-col-33 elementor-top-column elementor-element elementor-element-9cc1e7a elementor-hidden-mobile\" data-id=\"9cc1e7a\" data-element_type=\"column\" data-e-type=\"column\">\n\t\t\t<div class=\"elementor-widget-wrap\">\n\t\t\t\t\t\t\t<\/div>\n\t\t<\/div>\n\t\t\t\t\t<\/div>\n\t\t<\/section>\n\t\t<div class=\"elementor-element elementor-element-3633686 e-flex e-con-boxed wpr-particle-no wpr-jarallax-no wpr-parallax-no wpr-sticky-section-no wpr-equal-height-no e-con e-parent\" data-id=\"3633686\" data-element_type=\"container\" data-e-type=\"container\">\n\t\t\t\t\t<div class=\"e-con-inner\">\n\t\t<div class=\"elementor-element elementor-element-9e064f1 e-flex e-con-boxed wpr-particle-no wpr-jarallax-no wpr-parallax-no wpr-sticky-section-no wpr-equal-height-no elementor-invisible e-con e-child\" data-id=\"9e064f1\" data-element_type=\"container\" data-e-type=\"container\" data-settings=\"{&quot;animation&quot;:&quot;slideInLeft&quot;}\">\n\t\t\t\t\t<div class=\"e-con-inner\">\n\t\t\t\t<div class=\"elementor-element elementor-element-279fbd1 elementor-widget elementor-widget-image\" data-id=\"279fbd1\" data-element_type=\"widget\" data-e-type=\"widget\" data-widget_type=\"image.default\">\n\t\t\t\t<div class=\"elementor-widget-container\">\n\t\t\t\t\t\t\t\t\t\t\t\t\t\t\t<img fetchpriority=\"high\" decoding=\"async\" width=\"934\" height=\"934\" src=\"https:\/\/fonnseg.com.br\/wp-content\/uploads\/2026\/01\/13fa7350-e041-43cb-9eb8-a878d2896297-e1769863916577.jpg\" class=\"attachment-large size-large wp-image-1724\" alt=\"\" srcset=\"https:\/\/fonnseg.com.br\/wp-content\/uploads\/2026\/01\/13fa7350-e041-43cb-9eb8-a878d2896297-e1769863916577.jpg 934w, https:\/\/fonnseg.com.br\/wp-content\/uploads\/2026\/01\/13fa7350-e041-43cb-9eb8-a878d2896297-e1769863916577-300x300.jpg 300w, https:\/\/fonnseg.com.br\/wp-content\/uploads\/2026\/01\/13fa7350-e041-43cb-9eb8-a878d2896297-e1769863916577-150x150.jpg 150w, https:\/\/fonnseg.com.br\/wp-content\/uploads\/2026\/01\/13fa7350-e041-43cb-9eb8-a878d2896297-e1769863916577-768x768.jpg 768w\" sizes=\"(max-width: 934px) 100vw, 934px\" \/>\t\t\t\t\t\t\t\t\t\t\t\t\t\t\t<\/div>\n\t\t\t\t<\/div>\n\t\t\t\t\t<\/div>\n\t\t\t\t<\/div>\n\t\t<div class=\"elementor-element elementor-element-59972fc e-flex e-con-boxed wpr-particle-no wpr-jarallax-no wpr-parallax-no wpr-sticky-section-no wpr-equal-height-no elementor-invisible e-con e-child\" data-id=\"59972fc\" data-element_type=\"container\" data-e-type=\"container\" data-settings=\"{&quot;animation&quot;:&quot;slideInRight&quot;}\">\n\t\t\t\t\t<div class=\"e-con-inner\">\n\t\t\t\t<div class=\"elementor-element elementor-element-dd0769c elementor-widget elementor-widget-heading\" data-id=\"dd0769c\" data-element_type=\"widget\" data-e-type=\"widget\" data-widget_type=\"heading.default\">\n\t\t\t\t<div class=\"elementor-widget-container\">\n\t\t\t\t\t<h2 class=\"elementor-heading-title elementor-size-default\">Seguro Condom\u00ednio<\/h2>\t\t\t\t<\/div>\n\t\t\t\t<\/div>\n\t\t\t\t<div class=\"elementor-element elementor-element-a89dca2 elementor-widget elementor-widget-text-editor\" data-id=\"a89dca2\" data-element_type=\"widget\" data-e-type=\"widget\" data-widget_type=\"text-editor.default\">\n\t\t\t\t<div class=\"elementor-widget-container\">\n\t\t\t\t\t\t\t\t\t<p>O Seguro Condom\u00ednio \u00e9 essencial para a prote\u00e7\u00e3o do patrim\u00f4nio coletivo, garantindo seguran\u00e7a financeira diante de imprevistos que possam comprometer a estrutura e as opera\u00e7\u00f5es do condom\u00ednio.<\/p><p>Ele oferece cobertura para riscos como inc\u00eandio, explos\u00e3o, danos el\u00e9tricos, vendaval, alagamento, responsabilidade civil, entre outros, al\u00e9m de possibilitar a inclus\u00e3o de garantias adicionais conforme a necessidade de cada empreendimento.<\/p><p>Mais do que atender \u00e0s exig\u00eancias legais, o Seguro Condom\u00ednio proporciona tranquilidade aos s\u00edndicos, administradoras e cond\u00f4minos, assegurando que, em caso de sinistro, o condom\u00ednio tenha suporte para reparos e indeniza\u00e7\u00f5es, sem comprometer seu or\u00e7amento.<\/p><p>Trabalhamos com as principais seguradoras do mercado, oferecendo solu\u00e7\u00f5es personalizadas, com an\u00e1lise t\u00e9cnica e consultoria especializada para identificar as melhores coberturas para cada tipo de condom\u00ednio.<\/p><p>Proteja seu patrim\u00f4nio com quem entende do assunto.<\/p>\t\t\t\t\t\t\t\t<\/div>\n\t\t\t\t<\/div>\n\t\t\t\t\t<\/div>\n\t\t\t\t<\/div>\n\t\t\t\t\t<\/div>\n\t\t\t\t<\/div>\n\t\t\t\t<\/div>\n\t\t","protected":false},"excerpt":{"rendered":"<p>Seguro Condom\u00ednio O Seguro Condom\u00ednio \u00e9 essencial para a prote\u00e7\u00e3o do patrim\u00f4nio coletivo, garantindo seguran\u00e7a financeira diante de imprevistos que possam comprometer a estrutura e as opera\u00e7\u00f5es do condom\u00ednio. Ele oferece cobertura para riscos como inc\u00eandio, explos\u00e3o, danos el\u00e9tricos, vendaval, alagamento, responsabilidade civil, entre outros, al\u00e9m de possibilitar a inclus\u00e3o de garantias adicionais conforme a necessidade de cada empreendimento. Mais do que atender \u00e0s exig\u00eancias legais, o Seguro Condom\u00ednio proporciona tranquilidade aos s\u00edndicos, administradoras e cond\u00f4minos, assegurando que, em caso de sinistro, o condom\u00ednio tenha suporte para reparos e indeniza\u00e7\u00f5es, sem comprometer seu or\u00e7amento. Trabalhamos com as principais seguradoras do mercado, oferecendo solu\u00e7\u00f5es personalizadas, com an\u00e1lise t\u00e9cnica e consultoria especializada para identificar as melhores coberturas para cada tipo de condom\u00ednio. Proteja seu patrim\u00f4nio com quem entende do assunto.<\/p>\n","protected":false},"author":1,"featured_media":0,"parent":0,"menu_order":0,"comment_status":"closed","ping_status":"closed","template":"","meta":{"_monsterinsights_skip_tracking":false,"_monsterinsights_sitenote_active":false,"_monsterinsights_sitenote_note":"","_monsterinsights_sitenote_category":0,"footnotes":""},"class_list":["post-1731","page","type-page","status-publish","hentry"],"rttpg_featured_image_url":null,"rttpg_author":{"display_name":"Admin","author_link":"https:\/\/fonnseg.com.br\/?author=1"},"rttpg_comment":0,"rttpg_category":null,"rttpg_excerpt":"Seguro Condom\u00ednio O Seguro Condom\u00ednio \u00e9 essencial para a prote\u00e7\u00e3o do patrim\u00f4nio coletivo, garantindo seguran\u00e7a financeira diante de imprevistos que possam comprometer a estrutura e as opera\u00e7\u00f5es do condom\u00ednio. Ele oferece cobertura para riscos como inc\u00eandio, explos\u00e3o, danos el\u00e9tricos, vendaval, alagamento, responsabilidade civil, entre outros, al\u00e9m de possibilitar a inclus\u00e3o de garantias adicionais conforme a&hellip;","_links":{"self":[{"href":"https:\/\/fonnseg.com.br\/index.php?rest_route=\/wp\/v2\/pages\/1731","targetHints":{"allow":["GET"]}}],"collection":[{"href":"https:\/\/fonnseg.com.br\/index.php?rest_route=\/wp\/v2\/pages"}],"about":[{"href":"https:\/\/fonnseg.com.br\/index.php?rest_route=\/wp\/v2\/types\/page"}],"author":[{"embeddable":true,"href":"https:\/\/fonnseg.com.br\/index.php?rest_route=\/wp\/v2\/users\/1"}],"replies":[{"embeddable":true,"href":"https:\/\/fonnseg.com.br\/index.php?rest_route=%2Fwp%2Fv2%2Fcomments&post=1731"}],"version-history":[{"count":4,"href":"https:\/\/fonnseg.com.br\/index.php?rest_route=\/wp\/v2\/pages\/1731\/revisions"}],"predecessor-version":[{"id":1736,"href":"https:\/\/fonnseg.com.br\/index.php?rest_route=\/wp\/v2\/pages\/1731\/revisions\/1736"}],"wp:attachment":[{"href":"https:\/\/fonnseg.com.br\/index.php?rest_route=%2Fwp%2Fv2%2Fmedia&parent=1731"}],"curies":[{"name":"wp","href":"https:\/\/api.w.org\/{rel}","templated":true}]}}