{"id":1631,"date":"2026-01-29T15:57:50","date_gmt":"2026-01-29T18:57:50","guid":{"rendered":"https:\/\/fonnseg.com.br\/?page_id=1631"},"modified":"2026-02-04T10:42:57","modified_gmt":"2026-02-04T13:42:57","slug":"titulo-de-capitalizacao","status":"publish","type":"page","link":"https:\/\/fonnseg.com.br\/?page_id=1631","title":{"rendered":"T\u00edtulo de Capitaliza\u00e7\u00e3o"},"content":{"rendered":"\t\t<div data-elementor-type=\"wp-page\" data-elementor-id=\"1631\" class=\"elementor elementor-1631\">\n\t\t\t\t\t\t<section class=\"elementor-section elementor-top-section elementor-element elementor-element-00551d5 elementor-section-height-min-height elementor-section-boxed elementor-section-height-default elementor-section-items-middle wpr-particle-no wpr-jarallax-no wpr-parallax-no wpr-sticky-section-no wpr-equal-height-no\" data-id=\"00551d5\" data-element_type=\"section\" data-e-type=\"section\" data-settings=\"{&quot;background_background&quot;:&quot;gradient&quot;}\">\n\t\t\t\t\t\t<div class=\"elementor-container elementor-column-gap-default\">\n\t\t\t\t\t<div class=\"elementor-column elementor-col-33 elementor-top-column elementor-element elementor-element-ac94357\" data-id=\"ac94357\" data-element_type=\"column\" data-e-type=\"column\">\n\t\t\t<div class=\"elementor-widget-wrap\">\n\t\t\t\t\t\t\t<\/div>\n\t\t<\/div>\n\t\t\t\t<div class=\"elementor-column elementor-col-33 elementor-top-column elementor-element elementor-element-7550f89\" data-id=\"7550f89\" data-element_type=\"column\" data-e-type=\"column\">\n\t\t\t<div class=\"elementor-widget-wrap\">\n\t\t\t\t\t\t\t<\/div>\n\t\t<\/div>\n\t\t\t\t<div class=\"elementor-column elementor-col-33 elementor-top-column elementor-element elementor-element-9cc1e7a elementor-hidden-mobile\" data-id=\"9cc1e7a\" data-element_type=\"column\" data-e-type=\"column\">\n\t\t\t<div class=\"elementor-widget-wrap\">\n\t\t\t\t\t\t\t<\/div>\n\t\t<\/div>\n\t\t\t\t\t<\/div>\n\t\t<\/section>\n\t\t<div class=\"elementor-element elementor-element-3633686 e-flex e-con-boxed wpr-particle-no wpr-jarallax-no wpr-parallax-no wpr-sticky-section-no wpr-equal-height-no e-con e-parent\" data-id=\"3633686\" data-element_type=\"container\" data-e-type=\"container\">\n\t\t\t\t\t<div class=\"e-con-inner\">\n\t\t<div class=\"elementor-element elementor-element-9e064f1 e-flex e-con-boxed wpr-particle-no wpr-jarallax-no wpr-parallax-no wpr-sticky-section-no wpr-equal-height-no elementor-invisible e-con e-child\" data-id=\"9e064f1\" data-element_type=\"container\" data-e-type=\"container\" data-settings=\"{&quot;animation&quot;:&quot;slideInLeft&quot;}\">\n\t\t\t\t\t<div class=\"e-con-inner\">\n\t\t\t\t<div class=\"elementor-element elementor-element-279fbd1 elementor-widget elementor-widget-image\" data-id=\"279fbd1\" data-element_type=\"widget\" data-e-type=\"widget\" data-widget_type=\"image.default\">\n\t\t\t\t<div class=\"elementor-widget-container\">\n\t\t\t\t\t\t\t\t\t\t\t\t\t\t\t<img fetchpriority=\"high\" decoding=\"async\" width=\"684\" height=\"684\" src=\"https:\/\/fonnseg.com.br\/wp-content\/uploads\/2024\/04\/Solution-1-e1769713429136.jpg\" class=\"attachment-medium_large size-medium_large wp-image-344\" alt=\"\" srcset=\"https:\/\/fonnseg.com.br\/wp-content\/uploads\/2024\/04\/Solution-1-e1769713429136.jpg 684w, https:\/\/fonnseg.com.br\/wp-content\/uploads\/2024\/04\/Solution-1-e1769713429136-300x300.jpg 300w, https:\/\/fonnseg.com.br\/wp-content\/uploads\/2024\/04\/Solution-1-e1769713429136-150x150.jpg 150w\" sizes=\"(max-width: 684px) 100vw, 684px\" \/>\t\t\t\t\t\t\t\t\t\t\t\t\t\t\t<\/div>\n\t\t\t\t<\/div>\n\t\t\t\t\t<\/div>\n\t\t\t\t<\/div>\n\t\t<div class=\"elementor-element elementor-element-59972fc e-flex e-con-boxed wpr-particle-no wpr-jarallax-no wpr-parallax-no wpr-sticky-section-no wpr-equal-height-no elementor-invisible e-con e-child\" data-id=\"59972fc\" data-element_type=\"container\" data-e-type=\"container\" data-settings=\"{&quot;animation&quot;:&quot;slideInRight&quot;}\">\n\t\t\t\t\t<div class=\"e-con-inner\">\n\t\t\t\t<div class=\"elementor-element elementor-element-dd0769c elementor-widget elementor-widget-heading\" data-id=\"dd0769c\" data-element_type=\"widget\" data-e-type=\"widget\" data-widget_type=\"heading.default\">\n\t\t\t\t<div class=\"elementor-widget-container\">\n\t\t\t\t\t<h2 class=\"elementor-heading-title elementor-size-default\">T\u00edtulo de Capitaliza\u00e7\u00e3o<\/h2>\t\t\t\t<\/div>\n\t\t\t\t<\/div>\n\t\t\t\t<div class=\"elementor-element elementor-element-a89dca2 elementor-widget elementor-widget-text-editor\" data-id=\"a89dca2\" data-element_type=\"widget\" data-e-type=\"widget\" data-widget_type=\"text-editor.default\">\n\t\t\t\t<div class=\"elementor-widget-container\">\n\t\t\t\t\t\t\t\t\t<p>O T\u00edtulo de Capitaliza\u00e7\u00e3o utilizado como garantia locat\u00edcia oferece seguran\u00e7a ao propriet\u00e1rio e praticidade ao inquilino, que n\u00e3o precisa apresentar fiador. O valor depositado fica vinculado ao contrato e pode ser resgatado ao final da loca\u00e7\u00e3o, caso n\u00e3o haja d\u00e9bitos, garantindo prote\u00e7\u00e3o financeira e simplicidade no processo.<\/p>\t\t\t\t\t\t\t\t<\/div>\n\t\t\t\t<\/div>\n\t\t\t\t\t<\/div>\n\t\t\t\t<\/div>\n\t\t\t\t\t<\/div>\n\t\t\t\t<\/div>\n\t\t\t\t<\/div>\n\t\t","protected":false},"excerpt":{"rendered":"<p>T\u00edtulo de Capitaliza\u00e7\u00e3o O T\u00edtulo de Capitaliza\u00e7\u00e3o utilizado como garantia locat\u00edcia oferece seguran\u00e7a ao propriet\u00e1rio e praticidade ao inquilino, que n\u00e3o precisa apresentar fiador. O valor depositado fica vinculado ao contrato e pode ser resgatado ao final da loca\u00e7\u00e3o, caso n\u00e3o haja d\u00e9bitos, garantindo prote\u00e7\u00e3o financeira e simplicidade no processo.<\/p>\n","protected":false},"author":1,"featured_media":0,"parent":0,"menu_order":0,"comment_status":"closed","ping_status":"closed","template":"","meta":{"_monsterinsights_skip_tracking":false,"_monsterinsights_sitenote_active":false,"_monsterinsights_sitenote_note":"","_monsterinsights_sitenote_category":0,"footnotes":""},"class_list":["post-1631","page","type-page","status-publish","hentry"],"rttpg_featured_image_url":null,"rttpg_author":{"display_name":"Admin","author_link":"https:\/\/fonnseg.com.br\/?author=1"},"rttpg_comment":0,"rttpg_category":null,"rttpg_excerpt":"T\u00edtulo de Capitaliza\u00e7\u00e3o O T\u00edtulo de Capitaliza\u00e7\u00e3o utilizado como garantia locat\u00edcia oferece seguran\u00e7a ao propriet\u00e1rio e praticidade ao inquilino, que n\u00e3o precisa apresentar fiador. O valor depositado fica vinculado ao contrato e pode ser resgatado ao final da loca\u00e7\u00e3o, caso n\u00e3o haja d\u00e9bitos, garantindo prote\u00e7\u00e3o financeira e simplicidade no processo.","_links":{"self":[{"href":"https:\/\/fonnseg.com.br\/index.php?rest_route=\/wp\/v2\/pages\/1631","targetHints":{"allow":["GET"]}}],"collection":[{"href":"https:\/\/fonnseg.com.br\/index.php?rest_route=\/wp\/v2\/pages"}],"about":[{"href":"https:\/\/fonnseg.com.br\/index.php?rest_route=\/wp\/v2\/types\/page"}],"author":[{"embeddable":true,"href":"https:\/\/fonnseg.com.br\/index.php?rest_route=\/wp\/v2\/users\/1"}],"replies":[{"embeddable":true,"href":"https:\/\/fonnseg.com.br\/index.php?rest_route=%2Fwp%2Fv2%2Fcomments&post=1631"}],"version-history":[{"count":16,"href":"https:\/\/fonnseg.com.br\/index.php?rest_route=\/wp\/v2\/pages\/1631\/revisions"}],"predecessor-version":[{"id":1762,"href":"https:\/\/fonnseg.com.br\/index.php?rest_route=\/wp\/v2\/pages\/1631\/revisions\/1762"}],"wp:attachment":[{"href":"https:\/\/fonnseg.com.br\/index.php?rest_route=%2Fwp%2Fv2%2Fmedia&parent=1631"}],"curies":[{"name":"wp","href":"https:\/\/api.w.org\/{rel}","templated":true}]}}